{"id":604,"date":"2024-12-12T14:04:55","date_gmt":"2024-12-12T14:04:55","guid":{"rendered":"https:\/?page_id=604"},"modified":"2024-12-12T14:04:55","modified_gmt":"2024-12-12T14:04:55","slug":"mentions-legales","status":"publish","type":"page","link":"https:\/\/barcelone.levivier-psychologue.com\/es\/mentions-legales\/","title":{"rendered":"Aviso legal"},"content":{"rendered":"\n<p>Conform\u00e9ment \u00e0 l\u2019article 6 de la loi n\u00b0 2004-575 du 21 juin 2004 pour la confiance dans l&rsquo;\u00e9conomie num\u00e9rique, nous vous informons que :<\/p>\n\n\n\n<p><strong>1. Informations g\u00e9n\u00e9rales<\/strong><\/p>\n\n\n\n<p><strong>Site web<\/strong> : [URL du site de la psychologue]<br><strong>Responsable de la publication<\/strong> : Pauline Levivier<br><strong>Adresse du cabinet<\/strong> : [adresse compl\u00e8te du cabinet]<br><strong>Num\u00e9ro de t\u00e9l\u00e9phone<\/strong> : [num\u00e9ro de t\u00e9l\u00e9phone]<br><strong>Email<\/strong> : [email de contact]<\/p>\n\n\n\n<p><strong>2. H\u00e9bergeur<\/strong><\/p>\n\n\n\n<p>Le site est h\u00e9berg\u00e9 par :<br><strong>Nom de l\u2019h\u00e9bergeur<\/strong><br><strong>Adresse de l\u2019h\u00e9bergeur<\/strong><br><strong>Num\u00e9ro de t\u00e9l\u00e9phone de l\u2019h\u00e9bergeur<\/strong><\/p>\n\n\n\n<p><strong>3. Propri\u00e9t\u00e9 intellectuelle<\/strong><\/p>\n\n\n\n<p>Le contenu du site, y compris les textes, images, logos, et autres \u00e9l\u00e9ments graphiques, sont prot\u00e9g\u00e9s par les droits d\u2019auteur. Toute reproduction, distribution, ou utilisation non autoris\u00e9e de ces \u00e9l\u00e9ments est interdite sans l&rsquo;accord explicite de l\u2019auteur.<\/p>\n\n\n\n<p><strong>4. Responsabilit\u00e9<\/strong><\/p>\n\n\n\n<p>Le site [nom du site] propose des informations sur les services de la psychologue clinicienne Pauline Levivier. Bien que nous nous efforcions de maintenir l&rsquo;exactitude des informations pr\u00e9sent\u00e9es, nous ne pouvons garantir qu&rsquo;elles sont exemptes d&rsquo;erreurs ou d&rsquo;omissions. Le site peut contenir des liens vers d&rsquo;autres sites web. Nous ne sommes pas responsables du contenu de ces sites externes.<\/p>\n\n\n\n<p><strong>5. Donn\u00e9es personnelles<\/strong><\/p>\n\n\n\n<p>Les donn\u00e9es personnelles collect\u00e9es sur ce site sont trait\u00e9es conform\u00e9ment \u00e0 la politique de confidentialit\u00e9 disponible [lien vers la politique de confidentialit\u00e9].<\/p>\n\n\n\n<p><strong>6. Cookies<\/strong><\/p>\n\n\n\n<p>Le site peut utiliser des cookies pour am\u00e9liorer l&rsquo;exp\u00e9rience de navigation. Vous pouvez refuser l\u2019utilisation des cookies en ajustant les param\u00e8tres de votre navigateur. Pour plus d&rsquo;informations, veuillez consulter notre politique de confidentialit\u00e9.<\/p>\n\n\n\n<p><strong>7. Loi applicable<\/strong><\/p>\n\n\n\n<p>Le pr\u00e9sent site est soumis \u00e0 la loi fran\u00e7aise. En cas de litige, les tribunaux comp\u00e9tents seront ceux de [votre ville ou r\u00e9gion].<\/p>\n","protected":false},"excerpt":{"rendered":"<p>Conform\u00e9ment \u00e0 l\u2019article 6 de la loi n\u00b0 2004-575 du 21 juin 2004 pour la confiance dans l&rsquo;\u00e9conomie num\u00e9rique, nous vous informons que : 1. Informations g\u00e9n\u00e9rales Site web : [URL du site de la psychologue]Responsable de la publication : Pauline LevivierAdresse du cabinet : [adresse compl\u00e8te du cabinet]Num\u00e9ro de t\u00e9l\u00e9phone : [num\u00e9ro de t\u00e9l\u00e9phone]Email&#8230;<\/p>\n","protected":false},"author":1,"featured_media":0,"parent":0,"menu_order":0,"comment_status":"closed","ping_status":"closed","template":"","meta":{"_kad_post_transparent":"","_kad_post_title":"","_kad_post_layout":"","_kad_post_sidebar_id":"","_kad_post_content_style":"","_kad_post_vertical_padding":"","_kad_post_feature":"","_kad_post_feature_position":"","_kad_post_header":false,"_kad_post_footer":false,"_kad_post_classname":"","footnotes":""},"class_list":["post-604","page","type-page","status-publish","hentry"],"_links":{"self":[{"href":"https:\/\/barcelone.levivier-psychologue.com\/es\/wp-json\/wp\/v2\/pages\/604","targetHints":{"allow":["GET"]}}],"collection":[{"href":"https:\/\/barcelone.levivier-psychologue.com\/es\/wp-json\/wp\/v2\/pages"}],"about":[{"href":"https:\/\/barcelone.levivier-psychologue.com\/es\/wp-json\/wp\/v2\/types\/page"}],"author":[{"embeddable":true,"href":"https:\/\/barcelone.levivier-psychologue.com\/es\/wp-json\/wp\/v2\/users\/1"}],"replies":[{"embeddable":true,"href":"https:\/\/barcelone.levivier-psychologue.com\/es\/wp-json\/wp\/v2\/comments?post=604"}],"version-history":[{"count":1,"href":"https:\/\/barcelone.levivier-psychologue.com\/es\/wp-json\/wp\/v2\/pages\/604\/revisions"}],"predecessor-version":[{"id":605,"href":"https:\/\/barcelone.levivier-psychologue.com\/es\/wp-json\/wp\/v2\/pages\/604\/revisions\/605"}],"wp:attachment":[{"href":"https:\/\/barcelone.levivier-psychologue.com\/es\/wp-json\/wp\/v2\/media?parent=604"}],"curies":[{"name":"wp","href":"https:\/\/api.w.org\/{rel}","templated":true}]}}