{"id":592,"date":"2024-12-12T13:45:45","date_gmt":"2024-12-12T13:45:45","guid":{"rendered":"https:\/?page_id=592"},"modified":"2024-12-12T14:00:12","modified_gmt":"2024-12-12T14:00:12","slug":"politique-de-confidentialite","status":"publish","type":"page","link":"https:\/\/barcelone.levivier-psychologue.com\/es\/politique-de-confidentialite\/","title":{"rendered":"Pol\u00edtica de privacidad"},"content":{"rendered":"\n<p>Derni\u00e8re mise \u00e0 jour : 12\/12\/2024<\/p>\n\n\n\n<p>La pr\u00e9sente politique de confidentialit\u00e9 a pour but de vous informer sur la mani\u00e8re dont vos donn\u00e9es personnelles sont collect\u00e9es, utilis\u00e9es, prot\u00e9g\u00e9es et partag\u00e9es sur le site de la psychologue clinicienne Pauline Levivier, conform\u00e9ment au R\u00e8glement G\u00e9n\u00e9ral sur la Protection des Donn\u00e9es (RGPD).<\/p>\n\n\n\n<p><strong>1. Responsable du traitement des donn\u00e9es personnelles<\/strong><\/p>\n\n\n\n<p>Le responsable du traitement des donn\u00e9es personnelles est :<br><strong>Pauline Levivier, Psychologue Clinicienne<\/strong><br>Adresse : [adresse compl\u00e8te du cabinet]<br>Email : [email de contact]<br>Num\u00e9ro de t\u00e9l\u00e9phone : [num\u00e9ro de t\u00e9l\u00e9phone]<\/p>\n\n\n\n<p><strong>2. Donn\u00e9es collect\u00e9es<\/strong><\/p>\n\n\n\n<p>Nous collectons les donn\u00e9es personnelles que vous nous fournissez directement via le formulaire de contact ou lors de la prise de rendez-vous. Ces donn\u00e9es incluent, mais ne sont pas limit\u00e9es \u00e0 :<\/p>\n\n\n\n<ul class=\"wp-block-list\">\n<li>Nom<\/li>\n\n\n\n<li>Pr\u00e9nom<\/li>\n\n\n\n<li>Adresse email<\/li>\n<\/ul>\n\n\n\n<p><strong>3. Finalit\u00e9s du traitement des donn\u00e9es<\/strong><\/p>\n\n\n\n<p>Les donn\u00e9es collect\u00e9es sont utilis\u00e9es pour :<\/p>\n\n\n\n<ul class=\"wp-block-list\">\n<li>Vous contacter suite \u00e0 une demande de renseignement ou un rendez-vous.<\/li>\n\n\n\n<li>G\u00e9rer vos rendez-vous et assurer le suivi de vos consultations.<\/li>\n\n\n\n<li>Vous informer sur les services propos\u00e9s, si vous avez donn\u00e9 votre consentement explicite (newsletter, offres, etc.).<\/li>\n<\/ul>\n\n\n\n<p><strong>4. Base l\u00e9gale du traitement des donn\u00e9es<\/strong><\/p>\n\n\n\n<p>Le traitement de vos donn\u00e9es personnelles repose sur les bases l\u00e9gales suivantes :<\/p>\n\n\n\n<ul class=\"wp-block-list\">\n<li><strong>Consentement<\/strong> : Vous consentez \u00e0 ce que vos donn\u00e9es soient utilis\u00e9es pour la gestion de vos rendez-vous et pour l\u2019envoi de communications li\u00e9es \u00e0 nos services.<\/li>\n\n\n\n<li><strong>Ex\u00e9cution d\u2019un contrat<\/strong> : Les donn\u00e9es sont n\u00e9cessaires pour la prise en charge des consultations et le suivi de votre parcours th\u00e9rapeutique.<\/li>\n<\/ul>\n\n\n\n<p><strong>5. Dur\u00e9e de conservation des donn\u00e9es<\/strong><\/p>\n\n\n\n<p>Vos donn\u00e9es personnelles seront conserv\u00e9es pendant la dur\u00e9e n\u00e9cessaire \u00e0 la gestion de vos demandes et au suivi des consultations. Les informations li\u00e9es \u00e0 vos consultations peuvent \u00eatre conserv\u00e9es pendant une p\u00e9riode maximale de 5 ans, conform\u00e9ment \u00e0 la r\u00e9glementation en vigueur en mati\u00e8re de conservation des dossiers de sant\u00e9.<\/p>\n\n\n\n<p><strong>6. Partage des donn\u00e9es<\/strong><\/p>\n\n\n\n<p>Vos donn\u00e9es personnelles ne seront jamais partag\u00e9es avec des tiers, sauf si cela est n\u00e9cessaire pour :<\/p>\n\n\n\n<ul class=\"wp-block-list\">\n<li>Respecter une obligation l\u00e9gale.<\/li>\n\n\n\n<li>Fournir un service que vous avez demand\u00e9 (par exemple, un suivi avec un autre professionnel de sant\u00e9).<\/li>\n<\/ul>\n\n\n\n<p><strong>7. S\u00e9curit\u00e9 des donn\u00e9es<\/strong><\/p>\n\n\n\n<p>Nous mettons en \u0153uvre toutes les mesures techniques et organisationnelles appropri\u00e9es pour prot\u00e9ger vos donn\u00e9es personnelles contre la perte, l&rsquo;acc\u00e8s non autoris\u00e9, ou toute autre forme de traitement ill\u00e9gal.<\/p>\n\n\n\n<p><strong>8. Vos droits<\/strong><\/p>\n\n\n\n<p>Conform\u00e9ment \u00e0 la r\u00e9glementation en vigueur, vous disposez des droits suivants :<\/p>\n\n\n\n<ul class=\"wp-block-list\">\n<li><strong>Droit d&rsquo;acc\u00e8s<\/strong> : Vous pouvez demander l&rsquo;acc\u00e8s \u00e0 vos donn\u00e9es personnelles.<\/li>\n\n\n\n<li><strong>Droit de rectification<\/strong> : Vous pouvez demander \u00e0 rectifier des informations inexactes ou incompl\u00e8tes.<\/li>\n\n\n\n<li><strong>Droit d&rsquo;effacement<\/strong> : Vous pouvez demander l\u2019effacement de vos donn\u00e9es personnelles, sous r\u00e9serve des obligations l\u00e9gales de conservation.<\/li>\n\n\n\n<li><strong>Droit \u00e0 la portabilit\u00e9<\/strong> : Vous pouvez demander une copie de vos donn\u00e9es dans un format structur\u00e9 et couramment utilis\u00e9.<\/li>\n\n\n\n<li><strong>Droit d&rsquo;opposition<\/strong> : Vous pouvez vous opposer au traitement de vos donn\u00e9es personnelles.<\/li>\n\n\n\n<li><strong>Droit \u00e0 la limitation du traitement<\/strong> : Vous pouvez demander la limitation du traitement de vos donn\u00e9es dans certains cas.<\/li>\n<\/ul>\n\n\n\n<p>Pour exercer vos droits, vous pouvez nous contacter \u00e0 l\u2019adresse suivante : [email de contact].<\/p>\n\n\n\n<p><strong>9. Modification de la politique de confidentialit\u00e9<\/strong><\/p>\n\n\n\n<p>Cette politique de confidentialit\u00e9 peut \u00eatre mise \u00e0 jour pour tenir compte des \u00e9volutions l\u00e9gislatives et r\u00e9glementaires. Nous vous informerons de toute modification importante par email ou sur le site web.<\/p>\n\n\n\n<p><\/p>\n","protected":false},"excerpt":{"rendered":"<p>Derni\u00e8re mise \u00e0 jour : 12\/12\/2024 La pr\u00e9sente politique de confidentialit\u00e9 a pour but de vous informer sur la mani\u00e8re dont vos donn\u00e9es personnelles sont collect\u00e9es, utilis\u00e9es, prot\u00e9g\u00e9es et partag\u00e9es sur le site de la psychologue clinicienne Pauline Levivier, conform\u00e9ment au R\u00e8glement G\u00e9n\u00e9ral sur la Protection des Donn\u00e9es (RGPD). 1. Responsable du traitement des donn\u00e9es&#8230;<\/p>","protected":false},"author":1,"featured_media":0,"parent":0,"menu_order":0,"comment_status":"closed","ping_status":"closed","template":"","meta":{"_kad_post_transparent":"","_kad_post_title":"","_kad_post_layout":"","_kad_post_sidebar_id":"","_kad_post_content_style":"","_kad_post_vertical_padding":"","_kad_post_feature":"","_kad_post_feature_position":"","_kad_post_header":false,"_kad_post_footer":false,"_kad_post_classname":"","footnotes":""},"class_list":["post-592","page","type-page","status-publish","hentry"],"_links":{"self":[{"href":"https:\/\/barcelone.levivier-psychologue.com\/es\/wp-json\/wp\/v2\/pages\/592","targetHints":{"allow":["GET"]}}],"collection":[{"href":"https:\/\/barcelone.levivier-psychologue.com\/es\/wp-json\/wp\/v2\/pages"}],"about":[{"href":"https:\/\/barcelone.levivier-psychologue.com\/es\/wp-json\/wp\/v2\/types\/page"}],"author":[{"embeddable":true,"href":"https:\/\/barcelone.levivier-psychologue.com\/es\/wp-json\/wp\/v2\/users\/1"}],"replies":[{"embeddable":true,"href":"https:\/\/barcelone.levivier-psychologue.com\/es\/wp-json\/wp\/v2\/comments?post=592"}],"version-history":[{"count":2,"href":"https:\/\/barcelone.levivier-psychologue.com\/es\/wp-json\/wp\/v2\/pages\/592\/revisions"}],"predecessor-version":[{"id":601,"href":"https:\/\/barcelone.levivier-psychologue.com\/es\/wp-json\/wp\/v2\/pages\/592\/revisions\/601"}],"wp:attachment":[{"href":"https:\/\/barcelone.levivier-psychologue.com\/es\/wp-json\/wp\/v2\/media?parent=592"}],"curies":[{"name":"wp","href":"https:\/\/api.w.org\/{rel}","templated":true}]}}