{"id":227,"date":"2024-12-08T15:44:30","date_gmt":"2024-12-08T15:44:30","guid":{"rendered":"https:\/?page_id=227"},"modified":"2025-04-22T16:05:57","modified_gmt":"2025-04-22T14:05:57","slug":"psychologue-pour-adultes","status":"publish","type":"page","link":"https:\/\/barcelone.levivier-psychologue.com\/es\/psychologue-pour-adultes\/","title":{"rendered":"Psychologue pour adultes"},"content":{"rendered":"<div data-elementor-type=\"wp-page\" data-elementor-id=\"227\" class=\"elementor elementor-227\">\n\t\t\t\t\t\t<section class=\"elementor-section elementor-top-section elementor-element elementor-element-397b9b3f elementor-section-height-min-height elementor-section-boxed elementor-section-height-default elementor-section-items-middle\" data-id=\"397b9b3f\" data-element_type=\"section\" data-e-type=\"section\" data-settings=\"{&quot;background_background&quot;:&quot;classic&quot;,&quot;shape_divider_bottom&quot;:&quot;wave-brush&quot;}\">\n\t\t\t\t\t\t\t<div class=\"elementor-background-overlay\"><\/div>\n\t\t\t\t\t\t<div class=\"elementor-shape elementor-shape-bottom\" aria-hidden=\"true\" data-negative=\"false\">\n\t\t\t<svg xmlns=\"http:\/\/www.w3.org\/2000\/svg\" viewbox=\"0 0 283.5 27.8\" preserveaspectratio=\"none\">\n\t<path class=\"elementor-shape-fill\" d=\"M283.5,9.7c0,0-7.3,4.3-14,4.6c-6.8,0.3-12.6,0-20.9-1.5c-11.3-2-33.1-10.1-44.7-5.7\ts-12.1,4.6-18,7.4c-6.6,3.2-20,9.6-36.6,9.3C131.6,23.5,99.5,7.2,86.3,8c-1.4,0.1-6.6,0.8-10.5,2c-3.8,1.2-9.4,3.8-17,4.7\tc-3.2,0.4-8.3,1.1-14.2,0.9c-1.5-0.1-6.3-0.4-12-1.6c-5.7-1.2-11-3.1-15.8-3.7C6.5,9.2,0,10.8,0,10.8V0h283.5V9.7z M260.8,11.3\tc-0.7-1-2-0.4-4.3-0.4c-2.3,0-6.1-1.2-5.8-1.1c0.3,0.1,3.1,1.5,6,1.9C259.7,12.2,261.4,12.3,260.8,11.3z M242.4,8.6\tc0,0-2.4-0.2-5.6-0.9c-3.2-0.8-10.3-2.8-15.1-3.5c-8.2-1.1-15.8,0-15.1,0.1c0.8,0.1,9.6-0.6,17.6,1.1c3.3,0.7,9.3,2.2,12.4,2.7\tC239.9,8.7,242.4,8.6,242.4,8.6z M185.2,8.5c1.7-0.7-13.3,4.7-18.5,6.1c-2.1,0.6-6.2,1.6-10,2c-3.9,0.4-8.9,0.4-8.8,0.5\tc0,0.2,5.8,0.8,11.2,0c5.4-0.8,5.2-1.1,7.6-1.6C170.5,14.7,183.5,9.2,185.2,8.5z M199.1,6.9c0.2,0-0.8-0.4-4.8,1.1\tc-4,1.5-6.7,3.5-6.9,3.7c-0.2,0.1,3.5-1.8,6.6-3C197,7.5,199,6.9,199.1,6.9z M283,6c-0.1,0.1-1.9,1.1-4.8,2.5s-6.9,2.8-6.7,2.7\tc0.2,0,3.5-0.6,7.4-2.5C282.8,6.8,283.1,5.9,283,6z M31.3,11.6c0.1-0.2-1.9-0.2-4.5-1.2s-5.4-1.6-7.8-2C15,7.6,7.3,8.5,7.7,8.6\tC8,8.7,15.9,8.3,20.2,9.3c2.2,0.5,2.4,0.5,5.7,1.6S31.2,11.9,31.3,11.6z M73,9.2c0.4-0.1,3.5-1.6,8.4-2.6c4.9-1.1,8.9-0.5,8.9-0.8\tc0-0.3-1-0.9-6.2-0.3S72.6,9.3,73,9.2z M71.6,6.7C71.8,6.8,75,5.4,77.3,5c2.3-0.3,1.9-0.5,1.9-0.6c0-0.1-1.1-0.2-2.7,0.2\tC74.8,5.1,71.4,6.6,71.6,6.7z M93.6,4.4c0.1,0.2,3.5,0.8,5.6,1.8c2.1,1,1.8,0.6,1.9,0.5c0.1-0.1-0.8-0.8-2.4-1.3\tC97.1,4.8,93.5,4.2,93.6,4.4z M65.4,11.1c-0.1,0.3,0.3,0.5,1.9-0.2s2.6-1.3,2.2-1.2s-0.9,0.4-2.5,0.8C65.3,10.9,65.5,10.8,65.4,11.1\tz M34.5,12.4c-0.2,0,2.1,0.8,3.3,0.9c1.2,0.1,2,0.1,2-0.2c0-0.3-0.1-0.5-1.6-0.4C36.6,12.8,34.7,12.4,34.5,12.4z M152.2,21.1\tc-0.1,0.1-2.4-0.3-7.5-0.3c-5,0-13.6-2.4-17.2-3.5c-3.6-1.1,10,3.9,16.5,4.1C150.5,21.6,152.3,21,152.2,21.1z\"\/>\n\t<path class=\"elementor-shape-fill\" d=\"M269.6,18c-0.1-0.1-4.6,0.3-7.2,0c-7.3-0.7-17-3.2-16.6-2.9c0.4,0.3,13.7,3.1,17,3.3\tC267.7,18.8,269.7,18,269.6,18z\"\/>\n\t<path class=\"elementor-shape-fill\" d=\"M227.4,9.8c-0.2-0.1-4.5-1-9.5-1.2c-5-0.2-12.7,0.6-12.3,0.5c0.3-0.1,5.9-1.8,13.3-1.2\tS227.6,9.9,227.4,9.8z\"\/>\n\t<path class=\"elementor-shape-fill\" d=\"M204.5,13.4c-0.1-0.1,2-1,3.2-1.1c1.2-0.1,2,0,2,0.3c0,0.3-0.1,0.5-1.6,0.4\tC206.4,12.9,204.6,13.5,204.5,13.4z\"\/>\n\t<path class=\"elementor-shape-fill\" d=\"M201,10.6c0-0.1-4.4,1.2-6.3,2.2c-1.9,0.9-6.2,3.1-6.1,3.1c0.1,0.1,4.2-1.6,6.3-2.6\tS201,10.7,201,10.6z\"\/>\n\t<path class=\"elementor-shape-fill\" d=\"M154.5,26.7c-0.1-0.1-4.6,0.3-7.2,0c-7.3-0.7-17-3.2-16.6-2.9c0.4,0.3,13.7,3.1,17,3.3\tC152.6,27.5,154.6,26.8,154.5,26.7z\"\/>\n\t<path class=\"elementor-shape-fill\" d=\"M41.9,19.3c0,0,1.2-0.3,2.9-0.1c1.7,0.2,5.8,0.9,8.2,0.7c4.2-0.4,7.4-2.7,7-2.6\tc-0.4,0-4.3,2.2-8.6,1.9c-1.8-0.1-5.1-0.5-6.7-0.4S41.9,19.3,41.9,19.3z\"\/>\n\t<path class=\"elementor-shape-fill\" d=\"M75.5,12.6c0.2,0.1,2-0.8,4.3-1.1c2.3-0.2,2.1-0.3,2.1-0.5c0-0.1-1.8-0.4-3.4,0\tC76.9,11.5,75.3,12.5,75.5,12.6z\"\/>\n\t<path class=\"elementor-shape-fill\" d=\"M15.6,13.2c0-0.1,4.3,0,6.7,0.5c2.4,0.5,5,1.9,5,2c0,0.1-2.7-0.8-5.1-1.4\tC19.9,13.7,15.7,13.3,15.6,13.2z\"\/>\n<\/svg>\t\t<\/div>\n\t\t\t\t\t<div class=\"elementor-container elementor-column-gap-default\">\n\t\t\t\t\t<div class=\"elementor-column elementor-col-100 elementor-top-column elementor-element elementor-element-1ee56ca3\" data-id=\"1ee56ca3\" data-element_type=\"column\" data-e-type=\"column\">\n\t\t\t<div class=\"elementor-widget-wrap elementor-element-populated\">\n\t\t\t\t\t\t<div class=\"elementor-element elementor-element-23a2af42 elementor-widget elementor-widget-heading\" data-id=\"23a2af42\" data-element_type=\"widget\" data-e-type=\"widget\" data-widget_type=\"heading.default\">\n\t\t\t\t<div class=\"elementor-widget-container\">\n\t\t\t\t\t<h2 class=\"elementor-heading-title elementor-size-default\">Psychoth\u00e9rapies pour adultes<\/h2>\t\t\t\t<\/div>\n\t\t\t\t<\/div>\n\t\t\t\t\t<\/div>\n\t\t<\/div>\n\t\t\t\t\t<\/div>\n\t\t<\/section>\n\t\t\t\t<section class=\"elementor-section elementor-top-section elementor-element elementor-element-7be8f39 elementor-section-boxed elementor-section-height-default elementor-section-height-default\" data-id=\"7be8f39\" data-element_type=\"section\" data-e-type=\"section\">\n\t\t\t\t\t\t<div class=\"elementor-container elementor-column-gap-default\">\n\t\t\t\t\t<div class=\"elementor-column elementor-col-100 elementor-top-column elementor-element elementor-element-cd9c2e1\" data-id=\"cd9c2e1\" data-element_type=\"column\" data-e-type=\"column\">\n\t\t\t<div class=\"elementor-widget-wrap elementor-element-populated\">\n\t\t\t\t\t\t<div class=\"elementor-element elementor-element-46f1756 elementor-widget elementor-widget-spacer\" data-id=\"46f1756\" data-element_type=\"widget\" data-e-type=\"widget\" data-widget_type=\"spacer.default\">\n\t\t\t\t<div class=\"elementor-widget-container\">\n\t\t\t\t\t\t\t<div class=\"elementor-spacer\">\n\t\t\t<div class=\"elementor-spacer-inner\"><\/div>\n\t\t<\/div>\n\t\t\t\t\t\t<\/div>\n\t\t\t\t<\/div>\n\t\t\t\t\t<\/div>\n\t\t<\/div>\n\t\t\t\t\t<\/div>\n\t\t<\/section>\n\t\t\t\t<section class=\"elementor-section elementor-top-section elementor-element elementor-element-5df397e7 elementor-section-boxed elementor-section-height-default elementor-section-height-default\" data-id=\"5df397e7\" data-element_type=\"section\" data-e-type=\"section\">\n\t\t\t\t\t\t<div class=\"elementor-container elementor-column-gap-default\">\n\t\t\t\t\t<div class=\"elementor-column elementor-col-25 elementor-top-column elementor-element elementor-element-7b749db5\" data-id=\"7b749db5\" data-element_type=\"column\" data-e-type=\"column\">\n\t\t\t<div class=\"elementor-widget-wrap elementor-element-populated\">\n\t\t\t\t\t\t<div class=\"elementor-element elementor-element-7c1bd63 elementor-widget elementor-widget-image\" data-id=\"7c1bd63\" data-element_type=\"widget\" data-e-type=\"widget\" data-widget_type=\"image.default\">\n\t\t\t\t<div class=\"elementor-widget-container\">\n\t\t\t\t\t\t\t\t\t\t\t\t\t\t\t<img fetchpriority=\"high\" decoding=\"async\" width=\"800\" height=\"534\" src=\"https:\/\/barcelone.levivier-psychologue.com\/wp-content\/uploads\/2025\/03\/homme-de-couleur-deprime-triste-sur-un-banc-dans-le-parc-portrait-vue-cote-d-noir-assis-177762638.webp\" class=\"attachment-large size-large wp-image-3560\" alt=\"Homme qui se tient les mains. Repr\u00e9sente le mal-\u00eatre qui peut amener \u00e0 consulter un psychologue pour adultes\" srcset=\"https:\/\/barcelone.levivier-psychologue.com\/wp-content\/uploads\/2025\/03\/homme-de-couleur-deprime-triste-sur-un-banc-dans-le-parc-portrait-vue-cote-d-noir-assis-177762638.webp 800w, https:\/\/barcelone.levivier-psychologue.com\/wp-content\/uploads\/2025\/03\/homme-de-couleur-deprime-triste-sur-un-banc-dans-le-parc-portrait-vue-cote-d-noir-assis-177762638-300x200.webp 300w, https:\/\/barcelone.levivier-psychologue.com\/wp-content\/uploads\/2025\/03\/homme-de-couleur-deprime-triste-sur-un-banc-dans-le-parc-portrait-vue-cote-d-noir-assis-177762638-768x513.webp 768w, https:\/\/barcelone.levivier-psychologue.com\/wp-content\/uploads\/2025\/03\/homme-de-couleur-deprime-triste-sur-un-banc-dans-le-parc-portrait-vue-cote-d-noir-assis-177762638-18x12.webp 18w\" sizes=\"(max-width: 800px) 100vw, 800px\" title=\"Psychologue fran\u00e7aise \u00e0 Barcelone\">\t\t\t\t\t\t\t\t\t\t\t\t\t\t\t<\/div>\n\t\t\t\t<\/div>\n\t\t\t\t\t<\/div>\n\t\t<\/div>\n\t\t\t\t<div class=\"elementor-column elementor-col-25 elementor-top-column elementor-element elementor-element-2a51eb2e\" data-id=\"2a51eb2e\" data-element_type=\"column\" data-e-type=\"column\">\n\t\t\t<div class=\"elementor-widget-wrap elementor-element-populated\">\n\t\t\t\t\t\t<div class=\"elementor-element elementor-element-5d3df3a7 elementor-widget elementor-widget-image\" data-id=\"5d3df3a7\" data-element_type=\"widget\" data-e-type=\"widget\" data-widget_type=\"image.default\">\n\t\t\t\t<div class=\"elementor-widget-container\">\n\t\t\t\t\t\t\t\t\t\t\t\t\t\t\t<img decoding=\"async\" width=\"474\" height=\"316\" src=\"https:\/\/barcelone.levivier-psychologue.com\/wp-content\/uploads\/2025\/02\/th-7.jpg\" class=\"attachment-large size-large wp-image-2180\" alt=\"Jeune femme qui regarde par la fen\u00eatre alors que la pluie tombe. Cette photo repr\u00e9sente la tristesse qui peut amener \u00e0 consulter un psychologue pour adultes \u00e0 Barcelone\" srcset=\"https:\/\/barcelone.levivier-psychologue.com\/wp-content\/uploads\/2025\/02\/th-7.jpg 474w, https:\/\/barcelone.levivier-psychologue.com\/wp-content\/uploads\/2025\/02\/th-7-300x200.jpg 300w\" sizes=\"(max-width: 474px) 100vw, 474px\" title=\"Psychologue fran\u00e7aise \u00e0 Barcelone\">\t\t\t\t\t\t\t\t\t\t\t\t\t\t\t<\/div>\n\t\t\t\t<\/div>\n\t\t\t\t\t<\/div>\n\t\t<\/div>\n\t\t\t\t<div class=\"elementor-column elementor-col-25 elementor-top-column elementor-element elementor-element-56e49c22\" data-id=\"56e49c22\" data-element_type=\"column\" data-e-type=\"column\">\n\t\t\t<div class=\"elementor-widget-wrap elementor-element-populated\">\n\t\t\t\t\t\t<div class=\"elementor-element elementor-element-2ead8469 elementor-widget elementor-widget-image\" data-id=\"2ead8469\" data-element_type=\"widget\" data-e-type=\"widget\" data-widget_type=\"image.default\">\n\t\t\t\t<div class=\"elementor-widget-container\">\n\t\t\t\t\t\t\t\t\t\t\t\t\t\t\t<img decoding=\"async\" width=\"474\" height=\"316\" src=\"https:\/\/barcelone.levivier-psychologue.com\/wp-content\/uploads\/2025\/02\/th.jpeg\" class=\"attachment-large size-large wp-image-2456\" alt=\"Homme aux cheveux gris qui ne tient la t\u00eate. Symbolise la souffrance qui peut amener \u00e0 consulter un psychologue pour adultes \u00e0 Barcelone\" srcset=\"https:\/\/barcelone.levivier-psychologue.com\/wp-content\/uploads\/2025\/02\/th.jpeg 474w, https:\/\/barcelone.levivier-psychologue.com\/wp-content\/uploads\/2025\/02\/th-300x200.jpeg 300w, https:\/\/barcelone.levivier-psychologue.com\/wp-content\/uploads\/2025\/02\/th-18x12.jpeg 18w\" sizes=\"(max-width: 474px) 100vw, 474px\" title=\"Psychologue fran\u00e7aise \u00e0 Barcelone\">\t\t\t\t\t\t\t\t\t\t\t\t\t\t\t<\/div>\n\t\t\t\t<\/div>\n\t\t\t\t\t<\/div>\n\t\t<\/div>\n\t\t\t\t<div class=\"elementor-column elementor-col-25 elementor-top-column elementor-element elementor-element-2135905\" data-id=\"2135905\" data-element_type=\"column\" data-e-type=\"column\">\n\t\t\t<div class=\"elementor-widget-wrap elementor-element-populated\">\n\t\t\t\t\t\t<div class=\"elementor-element elementor-element-5ba20247 elementor-widget elementor-widget-image\" data-id=\"5ba20247\" data-element_type=\"widget\" data-e-type=\"widget\" data-widget_type=\"image.default\">\n\t\t\t\t<div class=\"elementor-widget-container\">\n\t\t\t\t\t\t\t\t\t\t\t\t\t\t\t<img loading=\"lazy\" decoding=\"async\" width=\"768\" height=\"512\" src=\"https:\/\/barcelone.levivier-psychologue.com\/wp-content\/uploads\/2025\/03\/personne-agee-768x512.jpg\" class=\"attachment-medium_large size-medium_large wp-image-3561\" alt=\"Femme \u00e2g\u00e9e souriante, photo qui symbolise l&#039;\u00e9panouissement que peut produire une psychoth\u00e9rapie avec un psychologue pour adultes \u00e0 Barcelone\" srcset=\"https:\/\/barcelone.levivier-psychologue.com\/wp-content\/uploads\/2025\/03\/personne-agee-768x512.jpg 768w, https:\/\/barcelone.levivier-psychologue.com\/wp-content\/uploads\/2025\/03\/personne-agee-300x200.jpg 300w, https:\/\/barcelone.levivier-psychologue.com\/wp-content\/uploads\/2025\/03\/personne-agee-1024x683.jpg 1024w, https:\/\/barcelone.levivier-psychologue.com\/wp-content\/uploads\/2025\/03\/personne-agee-1536x1024.jpg 1536w, https:\/\/barcelone.levivier-psychologue.com\/wp-content\/uploads\/2025\/03\/personne-agee-2048x1365.jpg 2048w, https:\/\/barcelone.levivier-psychologue.com\/wp-content\/uploads\/2025\/03\/personne-agee-18x12.jpg 18w\" sizes=\"(max-width: 768px) 100vw, 768px\" title=\"Psychologue fran\u00e7aise \u00e0 Barcelone\">\t\t\t\t\t\t\t\t\t\t\t\t\t\t\t<\/div>\n\t\t\t\t<\/div>\n\t\t\t\t\t<\/div>\n\t\t<\/div>\n\t\t\t\t\t<\/div>\n\t\t<\/section>\n\t\t\t\t<section class=\"elementor-section elementor-top-section elementor-element elementor-element-22f338d4 elementor-section-boxed elementor-section-height-default elementor-section-height-default\" data-id=\"22f338d4\" data-element_type=\"section\" data-e-type=\"section\">\n\t\t\t\t\t\t<div class=\"elementor-container elementor-column-gap-default\">\n\t\t\t\t\t<div class=\"elementor-column elementor-col-100 elementor-top-column elementor-element elementor-element-502316b6\" data-id=\"502316b6\" data-element_type=\"column\" data-e-type=\"column\">\n\t\t\t<div class=\"elementor-widget-wrap elementor-element-populated\">\n\t\t\t\t\t\t<div class=\"elementor-element elementor-element-4853e409 elementor-widget elementor-widget-spacer\" data-id=\"4853e409\" data-element_type=\"widget\" data-e-type=\"widget\" data-widget_type=\"spacer.default\">\n\t\t\t\t<div class=\"elementor-widget-container\">\n\t\t\t\t\t\t\t<div class=\"elementor-spacer\">\n\t\t\t<div class=\"elementor-spacer-inner\"><\/div>\n\t\t<\/div>\n\t\t\t\t\t\t<\/div>\n\t\t\t\t<\/div>\n\t\t\t\t<div class=\"elementor-element elementor-element-3936fbc9 elementor-widget elementor-widget-text-editor\" data-id=\"3936fbc9\" data-element_type=\"widget\" data-e-type=\"widget\" data-widget_type=\"text-editor.default\">\n\t\t\t\t<div class=\"elementor-widget-container\">\n\t\t\t\t\t\t\t\t\t<p><b>Plusieurs raisons peuvent vous amener \u00e0 vouloir consulter un psychologue pour adultes \u00e0 Barcelone :\u00a0<\/b><\/p><ul><li><p>Estr\u00e9s, ansiedad, ataques de p\u00e1nico<\/p><\/li><li><p>Tristeza, depresi\u00f3n<\/p><\/li><li><p>Trastornos del sue\u00f1o<\/p><\/li><li><p>Trastornos alimentarios<\/p><\/li><li><p>Difficult\u00e9s relationnelles\u00a0: amoureuses, amicales, familiales&#8230;<\/p><\/li><li><p>Difficult\u00e9s au travail\u00a0: mal-\u00eatre, burn-out<\/p><\/li><li><p>Sensaci\u00f3n de soledad, p\u00e9rdida de confianza en uno mismo<\/p><\/li><\/ul><p>Cette souffrance est apparue r\u00e9cemment ou peut durer depuis longtemps. Consulter un psychologue pour adultes permet de ne plus \u00eatre seul-e par rapport \u00e0 cette douleur et d&rsquo;\u00eatre accompagn\u00e9-e par un professionnel qui s&rsquo;adaptera \u00e0 vos besoins. <span style=\"background-color: transparent;\">El objetivo del trabajo terap\u00e9utico es comprender mejor el origen de su sufrimiento y encontrar v\u00edas para salir de \u00e9l.<\/span><\/p><p>Il n&rsquo;est pas n\u00e9cessaire d&rsquo;\u00e9prouver des difficult\u00e9s ou de souffrir de sympt\u00f4mes pour consulter un psychologue pour adultes \u00e0 Barcelone. La Rencontre avec un psychologue peut aussi \u00eatre motiv\u00e9e par le d\u00e9sir de mieux comprendre ce qui se passe pour soi, dans ses relations&#8230; Elle peut ainsi s&rsquo;inscrire dans une d\u00e9marche personnelle d&rsquo;introspection visant \u00e0 mieux se conna\u00eetre.<\/p><p>Je propose un cadre d&rsquo;\u00e9coute bienveillant, au sein duquel vous pourrez vous exprimer en toute s\u00e9curit\u00e9. Je prends en compte la subjectivit\u00e9 de chaque personne et la singularit\u00e9 de son histoire. Le premier rendez-vous sera l&rsquo;occasion d&rsquo;une premi\u00e8re rencontre et d&rsquo;un temps o\u00f9 nous pourrons d\u00e9finir ensemble l&rsquo;accompagnement qui vous convient.<\/p>\t\t\t\t\t\t\t\t<\/div>\n\t\t\t\t<\/div>\n\t\t\t\t<div class=\"elementor-element elementor-element-638d948a elementor-widget elementor-widget-spacer\" data-id=\"638d948a\" data-element_type=\"widget\" data-e-type=\"widget\" data-widget_type=\"spacer.default\">\n\t\t\t\t<div class=\"elementor-widget-container\">\n\t\t\t\t\t\t\t<div class=\"elementor-spacer\">\n\t\t\t<div class=\"elementor-spacer-inner\"><\/div>\n\t\t<\/div>\n\t\t\t\t\t\t<\/div>\n\t\t\t\t<\/div>\n\t\t\t\t<div class=\"elementor-element elementor-element-c13ac0b elementor-align-center elementor-mobile-align-center animated-fast elementor-tablet-align-center elementor-invisible elementor-widget elementor-widget-button\" data-id=\"c13ac0b\" data-element_type=\"widget\" data-e-type=\"widget\" data-settings=\"{&quot;_animation&quot;:&quot;fadeInDown&quot;}\" data-widget_type=\"button.default\">\n\t\t\t\t<div class=\"elementor-widget-container\">\n\t\t\t\t\t\t\t\t\t<div class=\"elementor-button-wrapper\">\n\t\t\t\t\t<a class=\"elementor-button elementor-button-link elementor-size-sm elementor-animation-float\" href=\"https:\/\/\/es\/a-propos-de-la-psychologue\/\">\n\t\t\t\t\t\t<span class=\"elementor-button-content-wrapper\">\n\t\t\t\t\t\t<span class=\"elementor-button-icon\">\n\t\t\t\t<svg aria-hidden=\"true\" class=\"e-font-icon-svg e-fas-circle\" viewbox=\"0 0 512 512\" xmlns=\"http:\/\/www.w3.org\/2000\/svg\"><path d=\"M256 8C119 8 8 119 8 256s111 248 248 248 248-111 248-248S393 8 256 8z\"><\/path><\/svg>\t\t\t<\/span>\n\t\t\t\t\t\t\t\t\t<span class=\"elementor-button-text\">PEDIR CITA<\/span>\n\t\t\t\t\t<\/span>\n\t\t\t\t\t<\/a>\n\t\t\t\t<\/div>\n\t\t\t\t\t\t\t\t<\/div>\n\t\t\t\t<\/div>\n\t\t\t\t<div class=\"elementor-element elementor-element-23fff577 elementor-widget elementor-widget-spacer\" data-id=\"23fff577\" data-element_type=\"widget\" data-e-type=\"widget\" data-widget_type=\"spacer.default\">\n\t\t\t\t<div class=\"elementor-widget-container\">\n\t\t\t\t\t\t\t<div class=\"elementor-spacer\">\n\t\t\t<div class=\"elementor-spacer-inner\"><\/div>\n\t\t<\/div>\n\t\t\t\t\t\t<\/div>\n\t\t\t\t<\/div>\n\t\t\t\t\t<\/div>\n\t\t<\/div>\n\t\t\t\t\t<\/div>\n\t\t<\/section>\n\t\t\t\t<section class=\"elementor-section elementor-top-section elementor-element elementor-element-33cb56a2 elementor-section-boxed elementor-section-height-default elementor-section-height-default\" data-id=\"33cb56a2\" data-element_type=\"section\" data-e-type=\"section\" data-settings=\"{&quot;background_background&quot;:&quot;classic&quot;}\">\n\t\t\t\t\t\t<div class=\"elementor-container elementor-column-gap-default\">\n\t\t\t\t\t<div class=\"elementor-column elementor-col-100 elementor-top-column elementor-element elementor-element-3c1822f0\" data-id=\"3c1822f0\" data-element_type=\"column\" data-e-type=\"column\">\n\t\t\t<div class=\"elementor-widget-wrap elementor-element-populated\">\n\t\t\t\t\t\t<div class=\"elementor-element elementor-element-26e0b085 elementor-widget elementor-widget-heading\" data-id=\"26e0b085\" data-element_type=\"widget\" data-e-type=\"widget\" data-widget_type=\"heading.default\">\n\t\t\t\t<div class=\"elementor-widget-container\">\n\t\t\t\t\t<h2 class=\"elementor-heading-title elementor-size-default\">Psychologue pour adultes \u00e0 Barcelone<\/h2>\t\t\t\t<\/div>\n\t\t\t\t<\/div>\n\t\t\t\t\t<\/div>\n\t\t<\/div>\n\t\t\t\t\t<\/div>\n\t\t<\/section>\n\t\t\t\t<\/div>","protected":false},"excerpt":{"rendered":"<p>Psychoth\u00e9rapies pour adultes Plusieurs raisons peuvent vous amener \u00e0 vouloir consulter un psychologue pour adultes \u00e0 Barcelone :\u00a0 Stress, anxi\u00e9t\u00e9, crise de panique Tristesse, d\u00e9pression Troubles du sommeil Troubles alimentaires Difficult\u00e9s relationnelles\u00a0: amoureuses, amicales, familiales&#8230; Difficult\u00e9s au travail\u00a0: mal-\u00eatre, burn-out Sentiment de solitude, perte de la confiance en soi Cette souffrance est apparue r\u00e9cemment ou&#8230;<\/p>","protected":false},"author":1,"featured_media":0,"parent":0,"menu_order":0,"comment_status":"closed","ping_status":"closed","template":"","meta":{"_kad_post_transparent":"","_kad_post_title":"hide","_kad_post_layout":"fullwidth","_kad_post_sidebar_id":"","_kad_post_content_style":"unboxed","_kad_post_vertical_padding":"hide","_kad_post_feature":"hide","_kad_post_feature_position":"","_kad_post_header":false,"_kad_post_footer":false,"_kad_post_classname":"","footnotes":""},"class_list":["post-227","page","type-page","status-publish","hentry"],"_links":{"self":[{"href":"https:\/\/barcelone.levivier-psychologue.com\/es\/wp-json\/wp\/v2\/pages\/227","targetHints":{"allow":["GET"]}}],"collection":[{"href":"https:\/\/barcelone.levivier-psychologue.com\/es\/wp-json\/wp\/v2\/pages"}],"about":[{"href":"https:\/\/barcelone.levivier-psychologue.com\/es\/wp-json\/wp\/v2\/types\/page"}],"author":[{"embeddable":true,"href":"https:\/\/barcelone.levivier-psychologue.com\/es\/wp-json\/wp\/v2\/users\/1"}],"replies":[{"embeddable":true,"href":"https:\/\/barcelone.levivier-psychologue.com\/es\/wp-json\/wp\/v2\/comments?post=227"}],"version-history":[{"count":77,"href":"https:\/\/barcelone.levivier-psychologue.com\/es\/wp-json\/wp\/v2\/pages\/227\/revisions"}],"predecessor-version":[{"id":3680,"href":"https:\/\/barcelone.levivier-psychologue.com\/es\/wp-json\/wp\/v2\/pages\/227\/revisions\/3680"}],"wp:attachment":[{"href":"https:\/\/barcelone.levivier-psychologue.com\/es\/wp-json\/wp\/v2\/media?parent=227"}],"curies":[{"name":"wp","href":"https:\/\/api.w.org\/{rel}","templated":true}]}}